{"id":4598,"date":"2020-02-14T09:13:25","date_gmt":"2020-02-14T08:13:25","guid":{"rendered":"https:\/\/b2b.fluchos.com\/company\/technology\/"},"modified":"2020-02-14T09:13:25","modified_gmt":"2020-02-14T08:13:25","slug":"technology","status":"publish","type":"page","link":"https:\/\/b2b.fluchos.com\/en\/technology\/","title":{"rendered":"Technology"},"content":{"rendered":"<div id='av_section_1' class='avia-section main_color avia-section-default avia-no-border-styling avia-bg-style-scroll  avia-builder-el-0  avia-builder-el-no-sibling   container_wrap fullsize' style=' '  ><div class='container' ><main  role=\"main\" itemprop=\"mainContentOfPage\"  class='template-page content  av-content-full alpha units'><div class='post-entry post-entry-type-page post-entry-4598'><div class='entry-content-wrapper clearfix'>\n<div class='flex_column_table av-equal-height-column-flextable -flextable' style='margin-top:2%; margin-bottom:2%; '><div class=\"flex_column av_one_half  flex_column_table_cell av-equal-height-column av-align-middle av-zero-column-padding first  avia-builder-el-1  el_before_av_one_half  avia-builder-el-first   \" style='border-radius:0px; '><section class='avia-team-member   avia-builder-el-2  avia-builder-el-no-sibling  '  itemscope=\"itemscope\" itemtype=\"https:\/\/schema.org\/Person\" ><div class='team-img-container'><img class='avia_image avia_image_team' src='http:\/\/b2bfluchos.sistema4.com\/wp-content\/uploads\/2019\/10\/artesano-cosido-a-mano-comodidad-absoluta.jpg' alt=''  itemprop=\"image\"  \/><\/div><span class='hidden team-member-affiliation'  itemprop=\"affiliation\" >Fluchos<\/span><\/section><\/div><div class='av-flex-placeholder'><\/div><div class=\"flex_column av_one_half  flex_column_table_cell av-equal-height-column av-align-middle av-zero-column-padding   avia-builder-el-3  el_after_av_one_half  el_before_av_one_half  \" style='border-radius:0px; '><section class='avia-team-member   avia-builder-el-4  avia-builder-el-no-sibling  '  itemscope=\"itemscope\" itemtype=\"https:\/\/schema.org\/Person\" ><h3 class='team-member-name'    itemprop=\"name\" >Artesano cosido a mano<\/h3><div class='team-member-job-title '   itemprop=\"jobTitle\" >Tecnolog\u00eda Fluchos<\/div><div class='team-member-description '  itemprop=\"description\"  ><p>Fluchos es una empresa familiar de calzado para hombre y mujer ubicada en Arnedo (La Rioja), En sus or\u00edgenes, Fluchos se especializ\u00f3 en la fabricaci\u00f3n de zapatos de caballero cosidos a mano artesanalmente.  Los zapatos Fluchos son c\u00f3modos, porque est\u00e1n cosidos a mano, puntada a puntada. Son m\u00e1s duraderos, porque son personas las que revisan y cosen el calzado, uno a uno. Esto unido a las pieles nobles y las \u00faltimas tecnolog\u00edas aplicadas a las diferentes gamas hacen de Fluchos comodidad absoluta.<\/p>\n<\/div><span class='hidden team-member-affiliation'  itemprop=\"affiliation\" >Fluchos<\/span><\/section><\/div><\/div><!--close column table wrapper. Autoclose: 1 --><div class=\"flex_column av_one_half  flex_column_div av-zero-column-padding first  avia-builder-el-5  el_after_av_one_half  el_before_av_one_half   column-top-margin\" style='border-radius:0px; '><section class='avia-team-member   avia-builder-el-6  avia-builder-el-no-sibling  '  itemscope=\"itemscope\" itemtype=\"https:\/\/schema.org\/Person\" ><div class='team-img-container'><img class='avia_image avia_image_team' src='http:\/\/b2bfluchos.sistema4.com\/wp-content\/uploads\/2019\/10\/fluchos-light.jpg' alt=''  itemprop=\"image\"  \/><\/div><span class='hidden team-member-affiliation'  itemprop=\"affiliation\" >Fluchos<\/span><\/section><\/div><div class=\"flex_column av_one_half  flex_column_div av-zero-column-padding   avia-builder-el-7  el_after_av_one_half  el_before_av_one_half  column-top-margin\" style='border-radius:0px; '><section class='avia-team-member   avia-builder-el-8  avia-builder-el-no-sibling  '  itemscope=\"itemscope\" itemtype=\"https:\/\/schema.org\/Person\" ><h3 class='team-member-name'    itemprop=\"name\" >FLUCHOS LIGHT<\/h3><div class='team-member-job-title '   itemprop=\"jobTitle\" >Tecnolog\u00eda Fluchos<\/div><div class='team-member-description '  itemprop=\"description\"  ><p>XL Extralight\u00ae es la primera suela que reduce su peso para aumentar la comodidad. El calzado pesa menos, es m\u00e1s ligero y resulta absolutamente c\u00f3modo. Est\u00e1 fabricado con material at\u00f3xico, respetuoso con el medio ambiente.  Sus principales caracter\u00edsticas son:  \u25a0 Zapatos m\u00e1s c\u00f3modos \u25a0 Suelas m\u00e1s ligeras \u25a0 Mayor Comodidad<\/p>\n<\/div><span class='hidden team-member-affiliation'  itemprop=\"affiliation\" >Fluchos<\/span><\/section><\/div><div class=\"flex_column av_one_half  flex_column_div av-zero-column-padding first  avia-builder-el-9  el_after_av_one_half  el_before_av_one_half   column-top-margin\" style='border-radius:0px; '><section class='avia-team-member   avia-builder-el-10  avia-builder-el-no-sibling  '  itemscope=\"itemscope\" itemtype=\"https:\/\/schema.org\/Person\" ><div class='team-img-container'><img class='avia_image avia_image_team' src='http:\/\/b2bfluchos.sistema4.com\/wp-content\/uploads\/2019\/10\/fluchos-sanotan.jpg' alt=''  itemprop=\"image\"  \/><\/div><span class='hidden team-member-affiliation'  itemprop=\"affiliation\" >Fluchos<\/span><\/section><\/div><div class=\"flex_column av_one_half  flex_column_div av-zero-column-padding   avia-builder-el-11  el_after_av_one_half  el_before_av_one_half  column-top-margin\" style='border-radius:0px; '><section class='avia-team-member   avia-builder-el-12  avia-builder-el-no-sibling  '  itemscope=\"itemscope\" itemtype=\"https:\/\/schema.org\/Person\" ><h3 class='team-member-name'    itemprop=\"name\" >Pieles SANOTAN<\/h3><div class='team-member-job-title '   itemprop=\"jobTitle\" >Tecnolog\u00eda Fluchos<\/div><div class='team-member-description '  itemprop=\"description\"  ><p>Producto caracter\u00edstico realizado mediante un nuevo proceso innovador, el cual elimina la utilizaci\u00f3n de cromo en todo su proceso, ofrece mejor adaptaci\u00f3n y transpiraci\u00f3n. La evaporaci\u00f3n del sudor a trav\u00e9s de la piel se produce f\u00e1cilmente, dando as\u00ed lugar a un calzado m\u00e1s c\u00f3modo y confortable.  Sus principales caracter\u00edsticas son:  \u25a0 Piel ecol\u00f3gica, respetuosa con el medio ambiente \u25a0 Libre de cromo \u25a0 Hipoalerg\u00e9nica<\/p>\n<\/div><span class='hidden team-member-affiliation'  itemprop=\"affiliation\" >Fluchos<\/span><\/section><\/div><div class=\"flex_column av_one_half  flex_column_div av-zero-column-padding first  avia-builder-el-13  el_after_av_one_half  el_before_av_one_half  column-top-margin\" style='border-radius:0px; '><section class='avia-team-member   avia-builder-el-14  avia-builder-el-no-sibling  '  itemscope=\"itemscope\" itemtype=\"https:\/\/schema.org\/Person\" ><div class='team-img-container'><img class='avia_image avia_image_team' src='http:\/\/b2bfluchos.sistema4.com\/wp-content\/uploads\/2019\/10\/fluchos-oxigen.jpg' alt=''  itemprop=\"image\"  \/><\/div><span class='hidden team-member-affiliation'  itemprop=\"affiliation\" >Fluchos<\/span><\/section><\/div><div class=\"flex_column av_one_half  flex_column_div av-zero-column-padding   avia-builder-el-15  el_after_av_one_half  el_before_av_one_half  column-top-margin\" style='border-radius:0px; '><section class='avia-team-member   avia-builder-el-16  avia-builder-el-no-sibling  '  itemscope=\"itemscope\" itemtype=\"https:\/\/schema.org\/Person\" ><div class='team-img-container'><img class='avia_image avia_image_team' src='http:\/\/b2bfluchos.sistema4.com\/wp-content\/uploads\/2019\/10\/fluchos-show-step.jpg' alt=''  itemprop=\"image\"  \/><\/div><span class='hidden team-member-affiliation'  itemprop=\"affiliation\" >Fluchos<\/span><\/section><\/div><div class=\"flex_column av_one_half  flex_column_div av-zero-column-padding first  avia-builder-el-17  el_after_av_one_half  el_before_av_one_half  column-top-margin\" style='border-radius:0px; '><section class='avia-team-member   avia-builder-el-18  avia-builder-el-no-sibling  '  itemscope=\"itemscope\" itemtype=\"https:\/\/schema.org\/Person\" ><div class='team-img-container'><img class='avia_image avia_image_team' src='http:\/\/b2bfluchos.sistema4.com\/wp-content\/uploads\/2019\/10\/fluchos-flexibilidad-ligereza-comodidad.jpg' alt=''  itemprop=\"image\"  \/><\/div><span class='hidden team-member-affiliation'  itemprop=\"affiliation\" >Fluchos<\/span><\/section><\/div><div class=\"flex_column av_one_half  flex_column_div av-zero-column-padding   avia-builder-el-19  el_after_av_one_half  el_before_av_one_half  column-top-margin\" style='border-radius:0px; '><section class='avia-team-member   avia-builder-el-20  avia-builder-el-no-sibling  '  itemscope=\"itemscope\" itemtype=\"https:\/\/schema.org\/Person\" ><div class='team-img-container'><img class='avia_image avia_image_team' src='http:\/\/b2bfluchos.sistema4.com\/wp-content\/uploads\/2019\/10\/fluchos-shock-absorber.jpg' alt=''  itemprop=\"image\"  \/><\/div><span class='hidden team-member-affiliation'  itemprop=\"affiliation\" >Fluchos<\/span><\/section><\/div><div class=\"flex_column av_one_half  flex_column_div av-zero-column-padding first  avia-builder-el-21  el_after_av_one_half  el_before_av_one_half  column-top-margin\" style='border-radius:0px; '><section class='avia-team-member   avia-builder-el-22  avia-builder-el-no-sibling  '  itemscope=\"itemscope\" itemtype=\"https:\/\/schema.org\/Person\" ><div class='team-img-container'><img class='avia_image avia_image_team' src='http:\/\/b2bfluchos.sistema4.com\/wp-content\/uploads\/2019\/10\/fluchos-outdry.jpg' alt=''  itemprop=\"image\"  \/><\/div><span class='hidden team-member-affiliation'  itemprop=\"affiliation\" >Fluchos<\/span><\/section><\/div><div class=\"flex_column av_one_half  flex_column_div av-zero-column-padding   avia-builder-el-23  el_after_av_one_half  avia-builder-el-last  column-top-margin\" style='border-radius:0px; '><section class='avia-team-member   avia-builder-el-24  avia-builder-el-no-sibling  '  itemscope=\"itemscope\" itemtype=\"https:\/\/schema.org\/Person\" ><div class='team-img-container'><img class='avia_image avia_image_team' src='http:\/\/b2bfluchos.sistema4.com\/wp-content\/uploads\/2019\/10\/fluchos-onlyprofesional.jpg' alt=''  itemprop=\"image\"  \/><\/div><span class='hidden team-member-affiliation'  itemprop=\"affiliation\" >Fluchos<\/span><\/section><\/div>\n","protected":false},"excerpt":{"rendered":"","protected":false},"author":12,"featured_media":0,"parent":0,"menu_order":0,"comment_status":"closed","ping_status":"closed","template":"","meta":{"footnotes":""},"_links":{"self":[{"href":"https:\/\/b2b.fluchos.com\/en\/wp-json\/wp\/v2\/pages\/4598"}],"collection":[{"href":"https:\/\/b2b.fluchos.com\/en\/wp-json\/wp\/v2\/pages"}],"about":[{"href":"https:\/\/b2b.fluchos.com\/en\/wp-json\/wp\/v2\/types\/page"}],"author":[{"embeddable":true,"href":"https:\/\/b2b.fluchos.com\/en\/wp-json\/wp\/v2\/users\/12"}],"replies":[{"embeddable":true,"href":"https:\/\/b2b.fluchos.com\/en\/wp-json\/wp\/v2\/comments?post=4598"}],"version-history":[{"count":1,"href":"https:\/\/b2b.fluchos.com\/en\/wp-json\/wp\/v2\/pages\/4598\/revisions"}],"predecessor-version":[{"id":4599,"href":"https:\/\/b2b.fluchos.com\/en\/wp-json\/wp\/v2\/pages\/4598\/revisions\/4599"}],"wp:attachment":[{"href":"https:\/\/b2b.fluchos.com\/en\/wp-json\/wp\/v2\/media?parent=4598"}],"curies":[{"name":"wp","href":"https:\/\/api.w.org\/{rel}","templated":true}]}}